{"id":5889,"date":"2024-09-16T16:00:50","date_gmt":"2024-09-16T14:00:50","guid":{"rendered":"https:\/\/www.deutsche-syringomyelie.de\/?page_id=5889"},"modified":"2024-09-16T16:08:10","modified_gmt":"2024-09-16T14:08:10","slug":"contact","status":"publish","type":"page","link":"https:\/\/www.dscm-ev.de\/en\/contact\/","title":{"rendered":"Contact"},"content":{"rendered":"<div class=\"wpb-content-wrapper\"><p>[vc_row tm_bgimage_position=&#8221;center_top&#8221; tm_bgimagefixed=&#8221;&#8221; full_width=&#8221;stretch_row&#8221; css=&#8221;.vc_custom_1645104725689{padding-bottom: 0px !important;background-position: center !important;background-repeat: no-repeat !important;background-size: cover !important;}&#8221; el_id=&#8221;contact-us&#8221; tm_responsive_css=&#8221;52149463|colbreak_no|||||||||colbreak_no|||||45px||||colbreak_no||||||||||colbreak_no|||||||||&#8221;][vc_column tm_zindex=&#8221;2&#8243;]<div class=\"tm-element-heading-wrapper tm-heading-inner tm-element-align-center tm-seperator-none tm-heading-style-vertical \"><section class=\"tm-vc_cta3-container\"><div class=\"tm-vc_general tm-vc_cta3 tm-cta3-only tm-vc_cta3-style-classic tm-vc_cta3-shape-rounded tm-vc_cta3-align-center tm-vc_cta3-color-transparent tm-vc_cta3-icon-size-md tm-vc_cta3-actions-no tm-cta3-without-desc\"><div class=\"tm-vc_cta3_content-container\"><div class=\"tm-vc_cta3-content\"><header class=\"tm-vc_cta3-content-header tm-wrap\"><div class=\"tm-vc_cta3-headers tm-wrap-cell\"><h4 class=\"tm-custom-heading \" >Contact<\/h4>\n<h2 class=\"tm-custom-heading \" >Questions?<\/h2>\n<\/div><div class=\"heading-seperator\"><span><\/span><\/div><\/header><\/div><\/div><\/div><\/section><\/div> <!-- .tm-element-heading-wrapper container --> [vc_row_inner break_in_responsive=&#8221;991&#8243; equal_height=&#8221;yes&#8221; el_class=&#8221;tm-col-seprator&#8221;][vc_column_inner width=&#8221;1\/3&#8243; css=&#8221;.vc_custom_1645105243839{padding-top: 25px !important;padding-bottom: 10px !important;padding-left: 60px !important;}&#8221; tm_responsive_css=&#8221;17851089|colbreak_no|||||||||colbreak_no||||||||15px|colbreak_no||||||||||colbreak_no|||||||||&#8221;]<div class=\"themetechmount-iconbox themetechmount-iconbox-stylenine \">\n\t<div class=\"themetechmount-iconbox-inner tm-boxicon-small tm-iconstyle-rounded\">\n\t\t<div class=\"tm-iconbox-wrapper tm-wrap\">\n\t\t\t<div class=\"themetechmount-iconbox-icon tm-wrap-cell\">\n\t\t\t\t<div class=\"tm-box-icon\"><i class=\"themifyicon ti-location-pin\"><\/i><\/div>\t\n\t\t\t<\/div>\n\t\t\t<div class=\"themetechmount-iconbox-heading tm-wrap-cell\">\n\t\t\t\t<div class=\"tm-vc_general tm-vc_cta3 tm-cta3-only tm-vc_cta3-style-classic tm-vc_cta3-shape-rounded tm-vc_cta3-align-left tm-vc_cta3-color-transparent tm-vc_cta3-icon-size-md tm-vc_cta3-actions-no tm-cta3-without-desc\"><div class=\"tm-vc_cta3_content-container\"><div class=\"tm-vc_cta3-content\"><div class=\"tm-vc_cta3-headers tm-wrap-cell\"><h2 class=\"tm-custom-heading \">Gesch\u00e4ftsstelle:<\/h2>\n<\/div><div class=\"heading-seperator\"><span><\/span><\/div><\/div><\/div><\/div>\t\t\t\t\t<div class=\"tm-iconbox-boxcontent\">\t\t\t\n\t\t\t\t\t<div class=\"tm-cta3-content-wrapper\">Deutsche Syringomyelie und Chiari Malformation e.V.<br \/>\nJean-Paul-Stra\u00dfe 9<br \/>\nD-95615 Marktredwitz<\/div>\t\t\t\t\t<\/div>\n\t\t\t<\/div>\t\n\t\t<\/div>\n\t<\/div>\t\n<\/div>\n[\/vc_column_inner][vc_column_inner width=&#8221;1\/3&#8243; css=&#8221;.vc_custom_1645105583469{padding-top: 25px !important;padding-bottom: 10px !important;padding-left: 60px !important;}&#8221; tm_responsive_css=&#8221;79294357|colbreak_no|||||||||colbreak_no|||||0px|||15px|colbreak_no||||||||||colbreak_no|||||||||&#8221;]<div class=\"themetechmount-iconbox themetechmount-iconbox-stylenine \">\n\t<div class=\"themetechmount-iconbox-inner tm-boxicon-small tm-iconstyle-rounded\">\n\t\t<div class=\"tm-iconbox-wrapper tm-wrap\">\n\t\t\t<div class=\"themetechmount-iconbox-icon tm-wrap-cell\">\n\t\t\t\t<div class=\"tm-box-icon\"><i class=\"themifyicon ti-comments\"><\/i><\/div>\t\n\t\t\t<\/div>\n\t\t\t<div class=\"themetechmount-iconbox-heading tm-wrap-cell\">\n\t\t\t\t<div class=\"tm-vc_general tm-vc_cta3 tm-cta3-only tm-vc_cta3-style-classic tm-vc_cta3-shape-rounded tm-vc_cta3-align-left tm-vc_cta3-color-transparent tm-vc_cta3-icon-size-md tm-vc_cta3-actions-no tm-cta3-without-desc\"><div class=\"tm-vc_cta3_content-container\"><div class=\"tm-vc_cta3-content\"><div class=\"tm-vc_cta3-headers tm-wrap-cell\"><h2 class=\"tm-custom-heading \">Kontaktdaten:<\/h2>\n<\/div><div class=\"heading-seperator\"><span><\/span><\/div><\/div><\/div><\/div>\t\t\t\t\t<div class=\"tm-iconbox-boxcontent\">\t\t\t\n\t\t\t\t\t<div class=\"tm-cta3-content-wrapper\"><strong>E-Mail:<\/strong> <a href=\"mailto:buero@dscm-ev.de\"><span style=\"color: #3366ff\">buero@dscm-ev.de<\/span><\/a><br \/>\n<strong>Skype:<\/strong> live:buero_1367<\/p>\n<p><strong>Tel.:<\/strong> +49 (0) 92 31 \/ 87 97 0 &#8211; 50<\/div>\t\t\t\t\t<\/div>\n\t\t\t<\/div>\t\n\t\t<\/div>\n\t<\/div>\t\n<\/div>\n[\/vc_column_inner][vc_column_inner width=&#8221;1\/3&#8243; css=&#8221;.vc_custom_1645105763082{padding-top: 25px !important;padding-bottom: 10px !important;padding-left: 60px !important;}&#8221; tm_responsive_css=&#8221;44857977|colbreak_no|||||||||colbreak_no|||||0px|||15px|colbreak_no||||||||||colbreak_no|||||||||&#8221;]<div class=\"themetechmount-iconbox themetechmount-iconbox-stylenine \">\n\t<div class=\"themetechmount-iconbox-inner tm-boxicon-small tm-iconstyle-rounded\">\n\t\t<div class=\"tm-iconbox-wrapper tm-wrap\">\n\t\t\t<div class=\"themetechmount-iconbox-icon tm-wrap-cell\">\n\t\t\t\t<div class=\"tm-box-icon\"><i class=\"themifyicon ti-time\"><\/i><\/div>\t\n\t\t\t<\/div>\n\t\t\t<div class=\"themetechmount-iconbox-heading tm-wrap-cell\">\n\t\t\t\t<div class=\"tm-vc_general tm-vc_cta3 tm-cta3-only tm-vc_cta3-style-classic tm-vc_cta3-shape-rounded tm-vc_cta3-align-left tm-vc_cta3-color-transparent tm-vc_cta3-icon-size-md tm-vc_cta3-actions-no tm-cta3-without-desc\"><div class=\"tm-vc_cta3_content-container\"><div class=\"tm-vc_cta3-content\"><div class=\"tm-vc_cta3-headers tm-wrap-cell\"><h2 class=\"tm-custom-heading \">B\u00fcrozeiten:<\/h2>\n<\/div><div class=\"heading-seperator\"><span><\/span><\/div><\/div><\/div><\/div>\t\t\t\t\t<div class=\"tm-iconbox-boxcontent\">\t\t\t\n\t\t\t\t\t<div class=\"tm-cta3-content-wrapper\"><strong>Montag \u2013 Donnerstag:<\/strong><br \/>\n08:00 \u2013 11:00 Uhr<br \/>\n<strong>Telefonzeiten:<\/strong><br \/>\n08:00 \u2013 10:30 Uhr<\/div>\t\t\t\t\t<\/div>\n\t\t\t<\/div>\t\n\t\t<\/div>\n\t<\/div>\t\n<\/div>\n[\/vc_column_inner][\/vc_row_inner][vc_row_inner break_in_responsive=&#8221;991&#8243; tm_shadow=&#8221;yes&#8221; tm_zindex=&#8221;2&#8243; el_class=&#8221;tm-bgcolor-white&#8221; css=&#8221;.vc_custom_1651250261039{padding-top: 50px !important;padding-right: 42px !important;padding-bottom: 60px !important;padding-left: 42px !important;}&#8221; tm_responsive_css=&#8221;71979567|colbreak_no|||||||||colbreak_no||||||0||0|colbreak_no||||||||||colbreak_no|||||||||&#8221;][vc_column_inner width=&#8221;1\/2&#8243; css=&#8221;.vc_custom_1624079580995{padding-right: 50px !important;}&#8221;][vc_column_text css=&#8221;&#8221;]<strong>Write to us and we will contact you!!<\/strong><\/p>\n<p><strong>Follow us:<\/strong> <div class=\"themetechmount-social-links-wrapper\"><ul class=\"social-icons\"><li class=\"tm-social-facebook\"><a class=\" tooltip-top\" target=\"_blank\" href=\"https:\/\/www.facebook.com\/dscmev\/\" data-tooltip=\"Facebook\"><i class=\"tm-fablio-icon-facebook\"><\/i><\/a><\/li>\n<li class=\"tm-social-instagram\"><a class=\" tooltip-top\" target=\"_blank\" href=\"https:\/\/www.instagram.com\/dscm.ev_\/\" data-tooltip=\"Instagram\"><i class=\"tm-fablio-icon-instagram\"><\/i><\/a><\/li>\n<\/ul><\/div>[\/vc_column_text][vc_column_text]Hinweis: Wenn Sie uns eine Nachricht \u00fcber unser Kontaktformular senden, dann erheben, speichern und verarbeiten wir Ihre Daten nur, soweit dies f\u00fcr die Abwicklung Ihrer Anfragen und f\u00fcr die Korrespondenz mit Ihnen erforderlich ist. Die Nutzung dieses Formulares ist stets freiwillig. Die mit diesem Kontaktformular gesendeten Daten werden SSL\/TLS verschl\u00fcsselt \u00fcbermittelt. Das Formular wird gesch\u00fctzt durch Google reCAPTCHA: <a title=\"Google - Datenschutzerkl\u00e4rung\" href=\"https:\/\/www.google.com\/intl\/de\/policies\/privacy\/\" target=\"_blank\" rel=\"noopener noreferrer\">Datenschutzerkl\u00e4rung<\/a><span role=\"presentation\" aria-hidden=\"true\"> \u2013 <\/span><a title=\"Google - Nutzungsbedingungen\" href=\"https:\/\/www.google.com\/intl\/de\/policies\/terms\/\" target=\"_blank\" rel=\"noopener noreferrer\">Nutzungsbedingungen<\/a>[\/vc_column_text][\/vc_column_inner][vc_column_inner width=&#8221;1\/2&#8243; css=&#8221;.vc_custom_1624254278187{padding-top: 5px !important;}&#8221; tm_responsive_css=&#8221;80349170|colbreak_no|||||||||colbreak_no|||||30px||||colbreak_no||||||||||colbreak_no|||||||||&#8221;]\n<div class=\"wpcf7 no-js\" id=\"wpcf7-f2311-o1\" lang=\"de-DE\" dir=\"ltr\" data-wpcf7-id=\"2311\">\n<div class=\"screen-reader-response\"><p role=\"status\" aria-live=\"polite\" aria-atomic=\"true\"><\/p> <ul><\/ul><\/div>\n<form action=\"\/en\/wp-json\/wp\/v2\/pages\/5889#wpcf7-f2311-o1\" method=\"post\" class=\"wpcf7-form init\" aria-label=\"Kontaktformular\" novalidate=\"novalidate\" data-status=\"init\">\n<fieldset class=\"hidden-fields-container\"><input type=\"hidden\" name=\"_wpcf7\" value=\"2311\" \/><input type=\"hidden\" name=\"_wpcf7_version\" value=\"6.1.5\" \/><input type=\"hidden\" name=\"_wpcf7_locale\" value=\"de_DE_formal\" \/><input type=\"hidden\" name=\"_wpcf7_unit_tag\" value=\"wpcf7-f2311-o1\" \/><input type=\"hidden\" name=\"_wpcf7_container_post\" value=\"0\" \/><input type=\"hidden\" name=\"_wpcf7_posted_data_hash\" value=\"\" \/><input type=\"hidden\" name=\"_wpcf7_recaptcha_response\" value=\"\" \/>\n<\/fieldset>\n<div class=\"cmt-commonform tm-contact-style3\">\n\t<div class=\"row\">\n\t\t<div class=\"col-md-6\">\n\t\t\t<p><span class=\"wpcf7-form-control-wrap\" data-name=\"dscm-name\"><input size=\"40\" maxlength=\"400\" class=\"wpcf7-form-control wpcf7-text wpcf7-validates-as-required\" aria-required=\"true\" aria-invalid=\"false\" placeholder=\"Vor- &amp; Nachname*\" value=\"\" type=\"text\" name=\"dscm-name\" \/><\/span>\n\t\t\t<\/p>\n\t\t<\/div>\n\t\t<div class=\"col-md-6\">\n\t\t\t<p><span class=\"wpcf7-form-control-wrap\" data-name=\"phone\"><input size=\"40\" maxlength=\"400\" class=\"wpcf7-form-control wpcf7-text\" aria-invalid=\"false\" placeholder=\"Telefonnummer\" value=\"\" type=\"text\" name=\"phone\" \/><\/span>\n\t\t\t<\/p>\n\t\t<\/div>\n\t<\/div>\n\t<div class=\"row\">\n\t\t<div class=\"col-md-6\">\n\t\t\t<p><span class=\"wpcf7-form-control-wrap\" data-name=\"email\"><input size=\"40\" maxlength=\"400\" class=\"wpcf7-form-control wpcf7-email wpcf7-validates-as-required wpcf7-text wpcf7-validates-as-email\" aria-required=\"true\" aria-invalid=\"false\" placeholder=\"E-Mail-Adresse*\" value=\"\" type=\"email\" name=\"email\" \/><\/span>\n\t\t\t<\/p>\n\t\t<\/div>\n\t\t<div class=\"col-md-6\">\n\t\t\t<p><span class=\"wpcf7-form-control-wrap\" data-name=\"subject\"><input size=\"40\" maxlength=\"400\" class=\"wpcf7-form-control wpcf7-text wpcf7-validates-as-required\" aria-required=\"true\" aria-invalid=\"false\" placeholder=\"Betreff*\" value=\"\" type=\"text\" name=\"subject\" \/><\/span>\n\t\t\t<\/p>\n\t\t<\/div>\n\t<\/div>\n\t<div class=\"row\">\n\t\t<div class=\"col-md-12\">\n\t\t\t<p><span class=\"wpcf7-form-control-wrap\" data-name=\"message\"><textarea cols=\"20\" rows=\"3\" maxlength=\"2000\" class=\"wpcf7-form-control wpcf7-textarea wpcf7-validates-as-required\" aria-required=\"true\" aria-invalid=\"false\" placeholder=\"Nachricht*\" name=\"message\"><\/textarea><\/span>\n\t\t\t<\/p>\n\t\t\t<p class=\"datenschutz-zustimmung\"><br \/>\n<span class=\"wpcf7-form-control-wrap\" data-name=\"acceptance-48\"><span class=\"wpcf7-form-control wpcf7-acceptance\"><span class=\"wpcf7-list-item\"><label><input type=\"checkbox\" name=\"acceptance-48\" value=\"1\" class=\"zustimmung\" aria-invalid=\"false\" \/><span class=\"wpcf7-list-item-label\">Ich habe die <a target=\"_blank\" href=\"https:\/\/www.deutsche-syringomyelie.de\/datenschutz\/\">Datenschutzerkl\u00e4rung<\/a> gelesen und akzeptiert.*<\/span><\/label><\/span><\/span><\/span>\n\t\t\t<\/p>\n\t\t<\/div>\n\t<\/div>\n\t<div class=\"row\">\n\t\t<div class=\"col-md-12 cmt-frm-btn\">\n\t\t\t<p><input class=\"wpcf7-form-control wpcf7-submit has-spinner tm-vc_btn3 tm-vc_general tm-vc_btn3-shape-square tm-vc_btn3-color-skincolor\" type=\"submit\" value=\"Nachricht senden\" \/>\n\t\t\t<div class=\"wpcf7-response-output\" aria-hidden=\"true\"><\/div>\n\t\t<\/div>\n\t<\/div>\n<\/div>\n<!--<div class=\"row\">\n\n<\/div>--><input type='hidden' class='wpcf7-pum' value='{\"closepopup\":false,\"closedelay\":0,\"openpopup\":false,\"openpopup_id\":0}' \/>\n<\/form>\n<\/div>\n[vc_column_text]<\/p>\n<p style=\"text-align: right; font-size: 10px;\"><span style=\"color: #ff0000;\">* Pflichtfelder<\/span><\/p>\n<p>[\/vc_column_text][\/vc_column_inner][\/vc_row_inner][\/vc_column][\/vc_row][vc_row tm_bgimagefixed=&#8221;&#8221; full_width=&#8221;stretch_row_content_no_spaces&#8221; css=&#8221;.vc_custom_1624079709304{padding-top: 0px !important;padding-bottom: 0px !important;}&#8221;][vc_column css=&#8221;.vc_custom_1651249453296{margin-top: -50px !important;}&#8221;][vc_gmaps link=&#8221;#E-8_JTBBJTNDaWZyYW1lJTIwc3JjJTNEJTIyaHR0cHMlM0ElMkYlMkZ3d3cuZ29vZ2xlLmNvbSUyRm1hcHMlMkZlbWJlZCUzRnBiJTNEJTIxMW0xOCUyMTFtMTIlMjExbTMlMjExZDI1NjQuNDkxODkxMzg5MjQyNSUyMTJkMTIuMDcyMDA5NjE2MDEwNjElMjEzZDUwLjAwMjEzNDk3OTQxNTk4JTIxMm0zJTIxMWYwJTIxMmYwJTIxM2YwJTIxM20yJTIxMWkxMDI0JTIxMmk3NjglMjE0ZjEzLjElMjEzbTMlMjExbTIlMjExczB4NDdhMDU0NTE3YjE3NTBjMSUyNTNBMHhhODZmOTJmNDNmYTNhN2UzJTIxMnNEU0NNJTI1MjBlLlYuJTIxNWUwJTIxM20yJTIxMXNkZSUyMTJzZGUlMjE0djE2NDUxMDQ4NzkxNjclMjE1bTIlMjExc2RlJTIxMnNkZSUyMiUyMHdpZHRoJTNEJTIyNjAwJTIyJTIwaGVpZ2h0JTNEJTIyNTYwJTIyJTIwc3R5bGUlM0QlMjJib3JkZXIlM0EwJTNCJTIyJTIwYWxsb3dmdWxsc2NyZWVuJTNEJTIyJTIyJTIwbG9hZGluZyUzRCUyMmxhenklMjIlM0UlM0MlMkZpZnJhbWUlM0U=&#8221; css=&#8221;.vc_custom_1647450972599{margin-bottom: 0px !important;}&#8221; el_class=&#8221;mdw-map&#8221;][\/vc_column][\/vc_row]<\/p>\n<\/div>","protected":false},"excerpt":{"rendered":"<p>[vc_row tm_bgimage_position=&#8221;center_top&#8221; tm_bgimagefixed=&#8221;&#8221; full_width=&#8221;stretch_row&#8221; css=&#8221;.vc_custom_1645104725689{padding-bottom: 0px !important;background-position: center !important;background-repeat: no-repeat !important;background-size: cover !important;}&#8221; el_id=&#8221;contact-us&#8221; tm_responsive_css=&#8221;52149463|colbreak_no|||||||||colbreak_no|||||45px||||colbreak_no||||||||||colbreak_no|||||||||&#8221;][vc_column tm_zindex=&#8221;2&#8243;][vc_row_inner break_in_responsive=&#8221;991&#8243; equal_height=&#8221;yes&#8221; el_class=&#8221;tm-col-seprator&#8221;][vc_column_inner width=&#8221;1\/3&#8243; css=&#8221;.vc_custom_1645105243839{padding-top: 25px !important;padding-bottom: 10px !important;padding-left: 60px !important;}&#8221; tm_responsive_css=&#8221;17851089|colbreak_no|||||||||colbreak_no||||||||15px|colbreak_no||||||||||colbreak_no|||||||||&#8221;][\/vc_column_inner][vc_column_inner width=&#8221;1\/3&#8243; css=&#8221;.vc_custom_1645105583469{padding-top: 25px !important;padding-bottom: 10px !important;padding-left: 60px !important;}&#8221; tm_responsive_css=&#8221;79294357|colbreak_no|||||||||colbreak_no|||||0px|||15px|colbreak_no||||||||||colbreak_no|||||||||&#8221;][\/vc_column_inner][vc_column_inner width=&#8221;1\/3&#8243; css=&#8221;.vc_custom_1645105763082{padding-top: 25px !important;padding-bottom: 10px !important;padding-left: 60px !important;}&#8221; tm_responsive_css=&#8221;44857977|colbreak_no|||||||||colbreak_no|||||0px|||15px|colbreak_no||||||||||colbreak_no|||||||||&#8221;][\/vc_column_inner][\/vc_row_inner][vc_row_inner break_in_responsive=&#8221;991&#8243; tm_shadow=&#8221;yes&#8221; tm_zindex=&#8221;2&#8243; el_class=&#8221;tm-bgcolor-white&#8221; css=&#8221;.vc_custom_1651250261039{padding-top: 50px !important;padding-right: 42px !important;padding-bottom: &hellip; <a href=\"https:\/\/www.dscm-ev.de\/en\/contact\/\" class=\"more-link\">Continue reading <span class=\"screen-reader-text\">Contact<\/span><\/a><\/p>\n","protected":false},"author":8,"featured_media":0,"parent":0,"menu_order":6,"comment_status":"closed","ping_status":"closed","template":"","meta":{"rs_blank_template":"","rs_page_bg_color":"","slide_template_v7":"","footnotes":""},"class_list":["post-5889","page","type-page","status-publish"],"_links":{"self":[{"href":"https:\/\/www.dscm-ev.de\/en\/wp-json\/wp\/v2\/pages\/5889","targetHints":{"allow":["GET"]}}],"collection":[{"href":"https:\/\/www.dscm-ev.de\/en\/wp-json\/wp\/v2\/pages"}],"about":[{"href":"https:\/\/www.dscm-ev.de\/en\/wp-json\/wp\/v2\/types\/page"}],"author":[{"embeddable":true,"href":"https:\/\/www.dscm-ev.de\/en\/wp-json\/wp\/v2\/users\/8"}],"replies":[{"embeddable":true,"href":"https:\/\/www.dscm-ev.de\/en\/wp-json\/wp\/v2\/comments?post=5889"}],"version-history":[{"count":1,"href":"https:\/\/www.dscm-ev.de\/en\/wp-json\/wp\/v2\/pages\/5889\/revisions"}],"predecessor-version":[{"id":5890,"href":"https:\/\/www.dscm-ev.de\/en\/wp-json\/wp\/v2\/pages\/5889\/revisions\/5890"}],"wp:attachment":[{"href":"https:\/\/www.dscm-ev.de\/en\/wp-json\/wp\/v2\/media?parent=5889"}],"curies":[{"name":"wp","href":"https:\/\/api.w.org\/{rel}","templated":true}]}}