{"id":5747,"date":"2022-02-22T16:53:36","date_gmt":"2022-02-22T15:53:36","guid":{"rendered":"https:\/\/www.deutsche-syringomyelie.de\/dscm\/doctors-for-those-affected\/neurosurgery\/"},"modified":"2026-03-04T14:48:37","modified_gmt":"2026-03-04T13:48:37","slug":"neurosurgery","status":"publish","type":"page","link":"https:\/\/www.dscm-ev.de\/en\/dscm-2\/doctors-for-those-affected\/neurosurgery\/","title":{"rendered":"Neurosurgery"},"content":{"rendered":"<div class=\"wpb-content-wrapper\"><p>[vc_row][vc_column width=&#8221;1\/2&#8243;][vc_column_text css=&#8221;&#8221;]<\/p>\n<h3><b>ZIP CODE 1<\/b><\/h3>\n<p><b>Prof. Dr. med. P. Vajkoczy<\/b><br \/>\nCharite Universit\u00e4tsmedizin Berlin<br \/>\nClinic for Neurosurgery<br \/>\nCCM\/Campus Mitte<br \/>\nChariteplatz 1<br \/>\n10117 Berlin<br \/>\n<b>Phone:<\/b> 030 \/ 450 560 002<br \/>\n<b>Fax:<\/b> 030 \/ 450 560 900<br \/>\n<b>E-Mail:<\/b> <a href=\"mailto:sekretariat_nch_mitte@charite.de\"><br \/>\n  <span style=\"color: #3366ff;\"><br \/>\n    <u>sekretariat_nch_mitte@charite.de<\/u><br \/>\n  <\/span><br \/>\n<\/a><br \/>\n<b>Internet:<\/b> <a href=\"https:\/\/www.charite.de\" target=\"_blank\" rel=\"noopener\"><br \/>\n  <span style=\"color: #3366ff;\"><br \/>\n    <u>https:\/\/www.charite.de\/de<\/u><br \/>\n  <\/span><br \/>\n<\/a><\/p>\n<hr style=\"border-width: 4px;\">\n<p><strong>PD Dr. med. Andreas J\u00f6dicke<\/strong><br \/>\nVivantes Klinikum Neuk\u00f6lln<br \/>\nRudower Stra\u00dfe 48<br \/>\n12351 Berlin<br \/>\n<b>Tel.:<\/b> 030 \/ 13 01 42 04 1 Secretariat Ms. von der Sande<br \/>\n<b>Fax:<\/b> 030 \/ 13 01 43 91 1<br \/>\n<b>E-Mail:<\/b> <a href=\"mailto:knk.neurochirurgie@vivantes.de\"><br \/>\n  <span style=\"color: #3366ff;\"><br \/>\n    <u>knk.neurochirurgie@vivantes.de<\/u><br \/>\n  <\/span><br \/>\n<\/a><br \/>\n<b>Internet:<\/b> <a href=\"https:\/\/www.vivantes-international.com\/de\" target=\"_blank\" rel=\"noopener\"><br \/>\n  <span style=\"color: #3366ff;\"><br \/>\n    <u>www.vivantes-international.com\/de<\/u><br \/>\n  <\/span><br \/>\n<\/a><\/p>\n<p>Make an appointment by phone or e-mail, if available send the pictures in advance. The Vivantes Clinic has its own neuroradiology department! A so-called &#8220;pre-stationary admission&#8221; is required.<\/p>\n<hr style=\"border-width: 4px;\">\n<p><strong>Head Physician PD Dr. med. Michael Fritsch<\/strong><br \/>\nDietrich Bonhoeffer Klinikum Neubrandenburg<br \/>\nSalvador-Allende-Str. 30<br \/>\n17036 Neubrandenburg<br \/>\nSyringomyelia consultation always on Friday; appointments can be made at:<br \/>\n<b>Tel:<\/b> 0395 \/ 77 5 28 87 (Sister Sandra)<br \/>\n<b>E-Mail:<\/b> <span style=\"color: #3366ff;\"><br \/>\n  <a style=\"color: #3366ff;\" href=\"mailto:fritschm@dbknb.de\"><br \/>\n    <u>fritschm@dbknb.de<\/u><br \/>\n  <\/a><br \/>\n<\/span><br \/>\n<b>Internet:<\/b> <a href=\"https:\/\/dbknb.de\/nch\" target=\"_blank\" rel=\"noopener\"><br \/>\n  <span style=\"color: #3366ff;\"><br \/>\n    <u>dbknb.de\/nch<\/u><br \/>\n  <\/span><br \/>\n<\/a><\/p>\n<hr style=\"border-width: 4px;\">\n<p><strong>MVZ Neurosurgery Potsdam<\/strong><br \/>\nDr. med. Uwe Tr\u00e4ger, Chief Physician<br \/>\nPD Dr. med. Susanne Kuhn, Senior Physician<br \/>\nDr. med. Holger Joswig, Senior Physician<br \/>\nBuilding section J, level 3<br \/>\nEntrance Hebbelstra\u00dfe 1<br \/>\n14467 Potsdam<br \/>\n<strong>Postal address:<\/strong> Charlottenstra\u00dfe 72, 14467 Potsdam<\/p>\n<p><strong>Appointments are made under:<\/strong><br \/>\n<strong>Phone:<\/strong> 03 31 24 1 \/ 3 79 53<br \/>\n<strong>Fax:<\/strong> 03 31 24 1 \/ 3 79 53<br \/>\n<strong>E-Mail:<\/strong> <a href=\"mailto:neurochirurgie@mvzevb.de\" target=\"_blank\" rel=\"noopener\"><br \/>\n  <span style=\"color: #3366ff;\"><br \/>\n    <u>neurochirurgie@mvzevb.de<\/u><br \/>\n  <\/span><br \/>\n<\/a><br \/>\n<strong>Internet:<\/strong> <a href=\"http:\/\/www.klinikumevb.de\" target=\"_blank\" rel=\"noopener\"><br \/>\n  <span style=\"color: #3366ff;\"><br \/>\n    <u>http:\/\/www.klinikumevb.de<\/u><br \/>\n  <\/span><br \/>\n<\/a><\/p>\n<hr style=\"border-width: 4px;\">\n<p><strong>University Medicine Greifswald<\/strong><br \/>\nProf. Dr. med. Henry W. S. Schroeder<br \/>\nClinic and Polyclinic for Neurosurgery<br \/>\nSauerbruchstra\u00dfe<br \/>\n17475 Greifswald<br \/>\n<strong>E-Mail:<\/strong> <a href=\"mailto:Henry.Schroeder@uni-greifswald.de\" target=\"_blank\" rel=\"noopener\"><br \/>\n  <span style=\"color: #3366ff;\"><br \/>\n    <u>Henry.Schroeder@uni-greifswald.de<\/u><br \/>\n  <\/span><br \/>\n<\/a><\/p>\n<p><strong>Patient registration Polyclinic:<\/strong><br \/>\n<strong>Phone:<\/strong> 03834 \/ 86 &#8211; 61 61<br \/>\n<strong>Tel. Secretariat:<\/strong>  03834 \/ 86 &#8211; 61 63<br \/>\n<strong>Fax:<\/strong> 03834 \/ 86 &#8211; 61 64<br \/>\n<strong>E-Mail:<\/strong> <a href=\"mailto:jana.templin@med.uni-greifswald.de\" target=\"_blank\" rel=\"noopener\"><br \/>\n  <span style=\"color: #3366ff;\"><br \/>\n    <u> jana.templin@med.uni-greifswald.de<\/u><br \/>\n  <\/span><br \/>\n<\/a><br \/>\n<strong>Internet:<\/strong> <a href=\"https:\/\/www2.medizin.uni-greifswald.de\/neuro_ch\" target=\"_blank\" rel=\"noopener\"><br \/>\n  <span style=\"color: #3366ff;\"><br \/>\n    <u>https:\/\/www2.medizin.uni-greifswald.de\/neuro_ch<\/u><br \/>\n  <\/span><br \/>\n<\/a><\/p>\n<p>The University of Greifswald also has a pediatric neurosurgery department.<\/p>\n<hr style=\"border-width: 4px;\">\n<p><strong>Rostock University Hospital, Clinic and Polyclinic for Neurosurgery<\/strong><br \/>\nUniv.-Prof. Dr. med. habil. Thomas M. Freiman<br \/>\nSchillingallee 35<br \/>\n18057 Rostock<\/p>\n<p>Appointments for consultation hours can be made on weekdays<br \/>\nuntil 16:00 at<br \/>\n<strong>Tel.:<\/strong> 0381 \/ 494 &#8211; 6313 and<br \/>\n<strong>Tel.:<\/strong> 0381 \/ 494 &#8211; 6200.<br \/>\n<strong>Tel. Secretariat:<\/strong>  0381 \/ 494 &#8211; 6439<br \/>\n<strong>E-Mail:<\/strong> <a href=\"mailto:neurochirurgie@med.uni-rostock.de\" target=\"_blank\" rel=\"noopener\"><br \/>\n  <span style=\"color: #3366ff;\"><br \/>\n    <u>neurochirurgie@med.uni-rostock.de<\/u><br \/>\n  <\/span><br \/>\n<\/a><br \/>\n<strong>Internet:<\/strong> <a href=\"https:\/\/neurochirurgie.med.uni-rostock.de\" target=\"_blank\" rel=\"noopener\"><br \/>\n  <span style=\"color: #3366ff;\"><br \/>\n    <u>https:\/\/neurochirurgie.med.uni-rostock.de<\/u><br \/>\n  <\/span><br \/>\n<\/a><\/p>\n<p>The University of Rostock also has a pediatric neurosurgery department.<\/p>\n<h3><b>ZIP CODE 2<\/b><br \/>\n&#8212;<\/h3>\n<h3><b>ZIP CODE 3<\/b><\/h3>\n<p><strong>Dr. med. Dieter Class (Senior Physician)<\/strong><br \/>\nUniversity Clinic for Neurosurgery &#8211; Otto von Guericke University Magdeburg<br \/>\nLeipziger Stra\u00dfe 44<br \/>\n39120 Magdeburg<br \/>\n<strong>Phone:<\/strong> 0391 \/ 67 15 53 4<br \/>\n<strong>Fax:<\/strong> 0391 \/ 67 15 54 4<br \/>\n<strong>E-Mail:<\/strong> <a href=\"mailto:Dieter.Class@med.ovgu.de\"><br \/>\n  <span style=\"color: #3366ff;\"><br \/>\n    <u>Dieter.Class@med.ovgu.de<\/u><br \/>\n  <\/span><br \/>\n<\/a><br \/>\n<strong>Internet:<\/strong> <a href=\"http:\/\/kchn.med.ovgu.de\/Team\" target=\"_blank\" rel=\"noopener\"><br \/>\n  <span style=\"color: #3366ff;\"><br \/>\n    <u>kchn.med.ovgu.de\/team<\/u><br \/>\n  <\/span><br \/>\n<\/a><\/p>\n<p>A referral to the neurosurgical outpatient clinic can be made by any general practitioner. Additional necessary examinations (e.g. neuroradiological, neurological or urological examinations) can be carried out in other facilities of the University Hospital as well as in cooperation with specialists in private practice.<br \/>\nOutpatient clinic of the clinic director: Monday &#8211; Friday by appointment Tel.6715562<br \/>\nPolyclinic &#8211; Mon &#8211; Fri 7.30-14.00 Tel. 6721364 or 6715549<br \/>\nGeneral neurosurgery daily<br \/>\nSpecial consultations and specialists<br \/>\nMonday &#8211; children, hydrocephalus, cerebrovascular diseases &#8211; Dr. Class<br \/>\nTuesday &#8211; spine, intervertebral disc diseases, peripheral nerves &#8211; Dr. J\u00f6llenbeck  <\/p>\n<h3><b>ZIP CODE 4<\/b><\/h3>\n<p><strong>Sana Kliniken Duisburg GmbH<br \/>\nProf. Dr. med. Martin Scholz (for private patients)<\/strong><br \/>\nSpecialist in neurosurgery<br \/>\nZu den Rehwiesen 9-11<br \/>\n47055 Duisburg<br \/>\n<strong>Phone:<\/strong> 0203 \/ 73 3 &#8211; 24 01<br \/>\n<strong>Fax:<\/strong> 0203 \/ 73 3 &#8211; 24 02<br \/>\n<strong>E-Mail:<\/strong> <a href=\"mailto:martin.scholz@sana.de\"><br \/>\n  <span style=\"color: #3366ff;\"><br \/>\n    <u>martin.scholz@sana.de<\/u><br \/>\n  <\/span><br \/>\n<\/a><br \/>\n<strong>Dr. (IR) Pooya Daemi (for those with statutory health insurance)<\/strong><br \/>\nSpecialist in neurosurgery<br \/>\nKV outpatient clinic Tel.: 0203 \/ 73 3 &#8211; 24 08<br \/>\n<strong>E-Mail:<\/strong> <a href=\"mailto:pooya.daemi@sana.de\" target=\"_blank\" rel=\"noopener\"><br \/>\n  <span style=\"color: #3366ff;\"><br \/>\n    <u>pooya.daemi@sana.de<\/u><br \/>\n  <\/span><br \/>\n<\/a><br \/>\n<strong>Internet:<\/strong> <a href=\"https:\/\/www.sana.de\/duisburg\/medizin-pflege\/neurochirurgie\" target=\"_blank\" rel=\"noopener\"><br \/>\n  <span style=\"color: #3366ff;\"><br \/>\n    <u>www.sana.de\/duisburg\/medizin-pflege\/neurochirurgie<\/u><br \/>\n  <\/span><br \/>\n<\/a><\/p>\n<h3><b>ZIP CODE 5<\/b><br \/>\n&#8212;<\/h3>\n<h3><b>ZIP CODE 6<\/b><\/h3>\n<p><strong>Priv.-Doz. Dr. med. Karsten Geletneky<\/strong><br \/>\nDirector of the Clinic for Neurosurgery<br \/>\nGrafenstr. 9<br \/>\nD-64283 Darmstadt<br \/>\n<strong>Phone:<\/strong> +49 (0) 6151 &#8211; 107 8051<br \/>\n<strong>Fax:<\/strong> +49 (0) 6151 &#8211; 107 8054<br \/>\n<strong>E-Mail:<\/strong> <u><\/u><u><a href=\"mailto:neurochirurgie@mail.klinikum-darmstadt.de\">neurochirurgie@mail.klinikum-darmstadt.de<\/a><\/u><br \/>\n<strong>Internet:<\/strong> <a href=\"http:\/\/www.klinikum-darmstadt.de\">www.klinikum-darmstadt.de<\/a><\/p>\n<hr style=\"border-width: 4px;\">\n<p><strong>Heidelberg University Hospital<\/strong><\/p>\n<p>Telephone consultation hours<\/p>\n<p>You can reach us from<strong> Monday to Friday <\/strong>from<strong> 09:00 &#8211; 11:00<\/strong> <strong><br \/>\n<\/strong>and<strong> Tuesday and Thursday <\/strong>from<strong> 14:00 &#8211; 16:00 <\/strong> <strong>.<\/strong> <\/p>\n<p>Outside office hours, you are welcome to send us an e-mail.<\/p>\n<p>Heidelberg Clinic Coordination Office<\/p>\n<p>Im Neuenheimer Feld 130.3<br \/>\n69120 Heidelberg<br \/>\nBuilding 6130.3<\/p>\n<p><strong>E-Mail: <\/strong><a href=\"mailto:seltene.erkrankungen@med.uni-heidelberg.de\"><span style=\"color: #3366ff;\">seltene.erkrankungen@med.uni-heidelberg.de<\/span><\/a><\/p>\n<p><strong>Tel:.<\/strong>(06221) 56 7510<\/p>\n<hr>\n<p><strong>University Hospital Mannheim<\/strong><\/p>\n<p><strong> <\/strong><strong>Contact:<\/strong><br \/>\nPatrizia Zuchowski<br \/>\n<strong>Phone<\/strong><strong>:<\/strong> 0621\/383-9687<br \/>\n<strong>E-Mail:<\/strong> <a href=\"mailto:patrizia.zuchowski@umm.de\"><span style=\"color: #3366ff;\">patrizia.zuchowski@umm.de<\/span><\/a><\/p>\n<p><a href=\"https:\/\/www.umm.de\/zentrum-fuer-seltene-erkrankungen\/terminanfrage\/\">Outpatient appointment<\/a><br \/>\n<strong>Phone:<\/strong> 0621\/383-9687<br \/>\n<strong>E-Mail:<\/strong> <a href=\"mailto:zse-mannheim@umm.de\"><span style=\"color: #3366ff;\">zse-mannheim@umm.de<\/span><\/a><\/p>\n<hr>\n<p><strong>Prof. Dr. med. J. Oertel<\/strong><\/p>\n<p><strong>Phone:<\/strong> +49 6841 16-24400<\/p>\n<hr>\n<h3><b>ZIP CODE 7<\/b><\/h3>\n<p><strong>University Hospital T\u00fcbingen<\/strong><\/p>\n<p>Clinic and Polyclinic for Neurosurgery, University of T\u00fcbingen<br \/>\nHoppe-Seyler Str. 3<br \/>\n72076 T\u00fcbingen<\/p>\n<p><strong><span style=\"text-decoration: underline;\">Syringomyelia<\/span><\/strong><\/p>\n<p><strong>Private patients<\/strong><\/p>\n<p>Prof. Dr. med. Marcos Tatagiba<\/p>\n<p><strong>Cash patients<\/strong><\/p>\n<p>Dr. med. Sasan D. Adib, MHBA<\/p>\n<p><span style=\"text-decoration: underline;\"><strong>Chiari malformation<\/strong><\/span><\/p>\n<p><strong>Private patients<\/strong><\/p>\n<p>Prof. Dr. med. Marcos Tatagiba<\/p>\n<p><strong>Patients with health insurance<\/strong><br \/>\nProf. Dr. med. Constantin Roder<\/p>\n<p><strong>Phone:<\/strong> 07071 \/ 29 86 67 9<br \/>\n<strong>Fax:<\/strong> 07071 \/ 29 52 45<br \/>\n<strong>E-Mail:<\/strong> <a href=\"mailto:info@neurochirurgie-tuebingen.de\"><br \/>\n  <span style=\"color: #3366ff;\"><br \/>\n    <u>info@neurochirurgie-tuebingen.de<\/u><br \/>\n  <\/span><br \/>\n<\/a><br \/>\n<strong>Internet:<\/strong> <a href=\"http:\/\/www.neurochirurgie-tuebingen.de\" target=\"_blank\" rel=\"noopener\"><br \/>\n  <span style=\"text-decoration: underline; color: #3366ff;\">www.neurochirurgie-tuebingen.de<\/span><br \/>\n<\/a><\/p>\n<p>Syringomyelia \/ Chiari malformation Consultation hours Thursdays from 8:00 &#8211;<br \/>\n15 hrs (waiting time for appointments currently 3-4 weeks)<\/p>\n<h3><b>ZIP CODE 8<\/b><\/h3>\n<p><strong>Prof. Dr. med. Uwe Max Mauer<\/strong><br \/>\nBundeswehrkrankenhaus Ulm<br \/>\nOberer Eselsberg 40<br \/>\n89081 Ulm<br \/>\n<strong>Phone:<\/strong> 0731 \/ 17 10 -22 15<br \/>\n<strong>Fax:<\/strong> 0731 \/ 17 10 -22 07<br \/>\n<strong>E-Mail:<\/strong> <a href=\"mailto:UweMaxMauer@bundeswehr.org\"><br \/>\n  <span style=\"color: #3366ff;\"><br \/>\n    <u>UweMaxMauer@bundeswehr.org,<\/u><br \/>\n  <\/span><br \/>\n<\/a><br \/>\n<strong>Internet:<\/strong> <a href=\"https:\/\/ulm.bwkrankenhaus.de\/startseite\" target=\"_blank\" rel=\"noopener\"><br \/>\n  <span style=\"text-decoration: underline;\"><br \/>\n    <span style=\"color: #3366ff; text-decoration: underline;\">ulm.bwkrankenhaus.de\/startpage<\/span><br \/>\n  <\/span><br \/>\n<\/a><\/p>\n<p>Please be patient with e-mail inquiries, as a reply can take up to 14 days. When requesting an appointment, please state your date of birth in addition to your name, as this makes it easier to assign you to the patient file.<\/p>\n<hr>\n<h3><b>ZIP CODE 9<\/b><\/h3>\n<p><strong>Chief Physician Prof. Dr. med. Steffen Rosahl<\/strong><br \/>\nHELIOS Klinikum Erfurt &#8211; Clinic for Neurosurgery<br \/>\nNordh\u00e4user Stra\u00dfe 74<br \/>\n99089 Erfurt<br \/>\n<strong>Phone:<\/strong> + 49 361 781 \/ 22 61<br \/>\n<strong>Fax:<\/strong> + 49 361 781 \/ 22 62<br \/>\n<strong>E-Mail:<\/strong> <a href=\"mailto:steffen.rosahl@helios-kliniken.de\"><br \/>\n  <span style=\"color: #3366ff;\"><br \/>\n    <u>steffen.rosahl@helios-kliniken.de<\/u><br \/>\n  <\/span><br \/>\n<\/a><br \/>\n<strong>Internet:<\/strong> <a href=\"http:\/\/www.helios-gesundheit.de\/kliniken\/erfurt\" target=\"_blank\" rel=\"noopener\"><br \/>\n  <span style=\"text-decoration: underline;\"><br \/>\n    <span style=\"color: #3366ff; text-decoration: underline;\">www.helios-gesundheit.de\/kliniken\/erfurt<\/span><br \/>\n  <\/span><br \/>\n<\/a><\/p>\n<p>&#8211; Consultation<br \/>\n&#8211; Outpatient clinical examination<br \/>\n&#8211; Regular follow-up examinations<br \/>\n&#8211; MRI (= magnetic resonance imaging, including cerebrospinal fluid flow studies = dynamic MRI)<br \/>\n&#8211; Computed tomography<br \/>\n&#8211; Native imaging, including myelography if necessary myelography<br \/>\n&#8211; Apparative diagnostics (with EMG and urodynamics if necessary)<br \/>\n&#8211; Physiotherapy and occupational therapy (outpatient and inpatient)<br \/>\n&#8211; Pain center (outpatient and inpatient)<br \/>\n&#8211; State-of-the-art surgical technology, e.g.<br \/>\n&#8211; Microsurgical treatment of the craniocervical junction<br \/>\n&#8211; Adhesiolysis and dura dilatation plasty in the area of the entire spine<br \/>\n&#8211; Microsurgical removal of spinal intra- and extramedullary tumors and correction of malformations<\/p>\n<hr style=\"border-width: 4px;\">\n<p><strong>Prof. Dr. med. J\u00f6rg Klekamp<\/strong><br \/>\nASKLEPIOS Klinikum Bad Abbach<br \/>\nCenter for Spine and Scoliosis Therapy<br \/>\nHead Physician for Neurosurgery<br \/>\nSpinal Surgery Section\/Center for Spinal Cord Surgery<br \/>\nKaiser-Karl-V.Allee 3<br \/>\n93077 Bad Abbach<br \/>\n<strong>Phone:<\/strong> +49 9405 18 &#8211; 2433<br \/>\n<strong>Fax:<\/strong> +49 9405 18 &#8211; 2609<br \/>\n<strong>E-Mail:<\/strong> <a href=\"mailto:u.marschall@asklepios.com\"><br \/>\n  <span style=\"color: #3366ff;\"><br \/>\n    <u>u.marschall@asklepios.com<\/u><br \/>\n  <\/span><br \/>\n<\/a><br \/>\n<strong>Internet:<\/strong> <a href=\"https:\/\/www.asklepios.com\/bad-abbach\/\" target=\"_blank\" rel=\"noopener\"><br \/>\n  <span style=\"color: #3366ff;\"><br \/>\n    <u>https:\/\/www.asklepios.com\/bad-abbach\/<\/u><br \/>\n  <\/span><br \/>\n<\/a><\/p>\n<hr>\n<h3><b>ZIP CODE 0<\/b><\/h3>\n<p>[\/vc_column_text][\/vc_column][vc_column width=&#8221;1\/2&#8243; offset=&#8221;vc_hidden-sm vc_hidden-xs&#8221;][vc_column_text]<img loading=\"lazy\" decoding=\"async\" class=\"alignnone wp-image-4093\" src=\"https:\/\/www.deutsche-syringomyelie.de\/wp-content\/uploads\/image-300x164.png\" alt=\"\" width=\"53\" height=\"28\" srcset=\"https:\/\/www.dscm-ev.de\/wp-content\/uploads\/image-300x164.png 300w, https:\/\/www.dscm-ev.de\/wp-content\/uploads\/image-768x419.png 768w, https:\/\/www.dscm-ev.de\/wp-content\/uploads\/image.png 867w\" sizes=\"auto, (max-width: 53px) 100vw, 53px\" \/>[\/vc_column_text][vc_column_text]<\/p>\n<p><img loading=\"lazy\" decoding=\"async\" class=\"alignnone wp-image-4093\" src=\"https:\/\/www.deutsche-syringomyelie.de\/wp-content\/uploads\/image-300x164.png\" alt=\"\" width=\"304\" height=\"166\" srcset=\"https:\/\/www.dscm-ev.de\/wp-content\/uploads\/image-300x164.png 300w, https:\/\/www.dscm-ev.de\/wp-content\/uploads\/image-768x419.png 768w, https:\/\/www.dscm-ev.de\/wp-content\/uploads\/image.png 867w\" sizes=\"auto, (max-width: 304px) 100vw, 304px\" \/>[\/vc_column_text][vc_column_text]<img loading=\"lazy\" decoding=\"async\" class=\"alignnone wp-image-4093\" src=\"https:\/\/www.deutsche-syringomyelie.de\/wp-content\/uploads\/image-300x164.png\" alt=\"\" width=\"524\" height=\"286\" srcset=\"https:\/\/www.dscm-ev.de\/wp-content\/uploads\/image-300x164.png 300w, https:\/\/www.dscm-ev.de\/wp-content\/uploads\/image-768x419.png 768w, https:\/\/www.dscm-ev.de\/wp-content\/uploads\/image.png 867w\" sizes=\"auto, (max-width: 524px) 100vw, 524px\" \/><\/p>\n<p>[\/vc_column_text][vc_column_text]<img loading=\"lazy\" decoding=\"async\" class=\"alignnone wp-image-4093\" src=\"https:\/\/www.deutsche-syringomyelie.de\/wp-content\/uploads\/image-300x164.png\" alt=\"\" width=\"571\" height=\"312\" srcset=\"https:\/\/www.dscm-ev.de\/wp-content\/uploads\/image-300x164.png 300w, https:\/\/www.dscm-ev.de\/wp-content\/uploads\/image-768x419.png 768w, https:\/\/www.dscm-ev.de\/wp-content\/uploads\/image.png 867w\" sizes=\"auto, (max-width: 571px) 100vw, 571px\" \/>[\/vc_column_text][vc_column_text]<img loading=\"lazy\" decoding=\"async\" class=\"alignnone wp-image-4093\" src=\"https:\/\/www.deutsche-syringomyelie.de\/wp-content\/uploads\/image-300x164.png\" alt=\"\" width=\"150\" height=\"82\" srcset=\"https:\/\/www.dscm-ev.de\/wp-content\/uploads\/image-300x164.png 300w, https:\/\/www.dscm-ev.de\/wp-content\/uploads\/image-768x419.png 768w, https:\/\/www.dscm-ev.de\/wp-content\/uploads\/image.png 867w\" sizes=\"auto, (max-width: 150px) 100vw, 150px\" \/><\/p>\n<p>&nbsp;<\/p>\n<p><img loading=\"lazy\" decoding=\"async\" class=\"alignnone wp-image-4093\" src=\"https:\/\/www.deutsche-syringomyelie.de\/wp-content\/uploads\/image-300x164.png\" alt=\"\" width=\"600\" height=\"300\">[\/vc_column_text][vc_column_text]<img loading=\"lazy\" decoding=\"async\" class=\"alignnone wp-image-4093\" src=\"https:\/\/www.deutsche-syringomyelie.de\/wp-content\/uploads\/image-300x164.png\" alt=\"\" width=\"201\" height=\"110\" srcset=\"https:\/\/www.dscm-ev.de\/wp-content\/uploads\/image-300x164.png 300w, https:\/\/www.dscm-ev.de\/wp-content\/uploads\/image-768x419.png 768w, https:\/\/www.dscm-ev.de\/wp-content\/uploads\/image.png 867w\" sizes=\"auto, (max-width: 201px) 100vw, 201px\" \/>[\/vc_column_text][vc_column_text]<img loading=\"lazy\" decoding=\"async\" class=\"alignnone wp-image-4093\" src=\"https:\/\/www.deutsche-syringomyelie.de\/wp-content\/uploads\/image-300x164.png\" alt=\"\" width=\"466\" height=\"255\" srcset=\"https:\/\/www.dscm-ev.de\/wp-content\/uploads\/image-300x164.png 300w, https:\/\/www.dscm-ev.de\/wp-content\/uploads\/image-768x419.png 768w, https:\/\/www.dscm-ev.de\/wp-content\/uploads\/image.png 867w\" sizes=\"auto, (max-width: 466px) 100vw, 466px\" \/><\/p>\n<p>[\/vc_column_text][vc_column_text]<img loading=\"lazy\" decoding=\"async\" class=\"alignnone wp-image-4093\" src=\"https:\/\/www.deutsche-syringomyelie.de\/wp-content\/uploads\/image-300x164.png\" alt=\"\" width=\"568\" height=\"310\" srcset=\"https:\/\/www.dscm-ev.de\/wp-content\/uploads\/image-300x164.png 300w, https:\/\/www.dscm-ev.de\/wp-content\/uploads\/image-768x419.png 768w, https:\/\/www.dscm-ev.de\/wp-content\/uploads\/image.png 867w\" sizes=\"auto, (max-width: 568px) 100vw, 568px\" \/><\/p>\n<p><img loading=\"lazy\" decoding=\"async\" class=\"alignnone wp-image-4093\" src=\"https:\/\/www.deutsche-syringomyelie.de\/wp-content\/uploads\/image-300x164.png\" alt=\"\" width=\"146\" height=\"80\" srcset=\"https:\/\/www.dscm-ev.de\/wp-content\/uploads\/image-300x164.png 300w, https:\/\/www.dscm-ev.de\/wp-content\/uploads\/image-768x419.png 768w, https:\/\/www.dscm-ev.de\/wp-content\/uploads\/image.png 867w\" sizes=\"auto, (max-width: 146px) 100vw, 146px\" \/>[\/vc_column_text][vc_column_text][\/vc_column_text][vc_column_text]<img loading=\"lazy\" decoding=\"async\" class=\"alignnone wp-image-4093\" src=\"https:\/\/www.deutsche-syringomyelie.de\/wp-content\/uploads\/image-300x164.png\" alt=\"\" width=\"150\" height=\"82\" srcset=\"https:\/\/www.dscm-ev.de\/wp-content\/uploads\/image-300x164.png 300w, https:\/\/www.dscm-ev.de\/wp-content\/uploads\/image-768x419.png 768w, https:\/\/www.dscm-ev.de\/wp-content\/uploads\/image.png 867w\" sizes=\"auto, (max-width: 150px) 100vw, 150px\" \/>[\/vc_column_text][vc_column_text]<img loading=\"lazy\" decoding=\"async\" class=\"alignnone wp-image-4093\" src=\"https:\/\/www.deutsche-syringomyelie.de\/wp-content\/uploads\/image-300x164.png\" alt=\"\" width=\"130\" height=\"71\" srcset=\"https:\/\/www.dscm-ev.de\/wp-content\/uploads\/image-300x164.png 300w, https:\/\/www.dscm-ev.de\/wp-content\/uploads\/image-768x419.png 768w, https:\/\/www.dscm-ev.de\/wp-content\/uploads\/image.png 867w\" sizes=\"auto, (max-width: 130px) 100vw, 130px\" \/><\/p>\n<p>[\/vc_column_text][vc_column_text][\/vc_column_text][vc_column_text]<img loading=\"lazy\" decoding=\"async\" class=\"alignnone wp-image-4093\" src=\"https:\/\/www.deutsche-syringomyelie.de\/wp-content\/uploads\/image-300x164.png\" alt=\"\" width=\"327\" height=\"179\" srcset=\"https:\/\/www.dscm-ev.de\/wp-content\/uploads\/image-300x164.png 300w, https:\/\/www.dscm-ev.de\/wp-content\/uploads\/image-768x419.png 768w, https:\/\/www.dscm-ev.de\/wp-content\/uploads\/image.png 867w\" sizes=\"auto, (max-width: 327px) 100vw, 327px\" \/><\/p>\n<p>[\/vc_column_text][\/vc_column][\/vc_row]<\/p>\n<\/div>","protected":false},"excerpt":{"rendered":"<p>[vc_row][vc_column width=&#8221;1\/2&#8243;][vc_column_text css=&#8221;&#8221;] ZIP CODE 1 Prof. Dr. med. P. Vajkoczy Charite Universit\u00e4tsmedizin Berlin Clinic for Neurosurgery CCM\/Campus Mitte Chariteplatz 1 10117 Berlin Phone: 030 \/ 450 560 002 Fax: 030 \/ 450 560 900 E-Mail: sekretariat_nch_mitte@charite.de Internet: https:\/\/www.charite.de\/de PD Dr. med. Andreas J\u00f6dicke Vivantes Klinikum Neuk\u00f6lln Rudower Stra\u00dfe 48 12351 Berlin Tel.: 030 \/ &hellip; <a href=\"https:\/\/www.dscm-ev.de\/en\/dscm-2\/doctors-for-those-affected\/neurosurgery\/\" class=\"more-link\">Continue reading <span class=\"screen-reader-text\">Neurosurgery<\/span><\/a><\/p>\n","protected":false},"author":8,"featured_media":0,"parent":5739,"menu_order":0,"comment_status":"closed","ping_status":"closed","template":"","meta":{"rs_blank_template":"","rs_page_bg_color":"","slide_template_v7":"","footnotes":""},"class_list":["post-5747","page","type-page","status-publish"],"_links":{"self":[{"href":"https:\/\/www.dscm-ev.de\/en\/wp-json\/wp\/v2\/pages\/5747","targetHints":{"allow":["GET"]}}],"collection":[{"href":"https:\/\/www.dscm-ev.de\/en\/wp-json\/wp\/v2\/pages"}],"about":[{"href":"https:\/\/www.dscm-ev.de\/en\/wp-json\/wp\/v2\/types\/page"}],"author":[{"embeddable":true,"href":"https:\/\/www.dscm-ev.de\/en\/wp-json\/wp\/v2\/users\/8"}],"replies":[{"embeddable":true,"href":"https:\/\/www.dscm-ev.de\/en\/wp-json\/wp\/v2\/comments?post=5747"}],"version-history":[{"count":5,"href":"https:\/\/www.dscm-ev.de\/en\/wp-json\/wp\/v2\/pages\/5747\/revisions"}],"predecessor-version":[{"id":6071,"href":"https:\/\/www.dscm-ev.de\/en\/wp-json\/wp\/v2\/pages\/5747\/revisions\/6071"}],"up":[{"embeddable":true,"href":"https:\/\/www.dscm-ev.de\/en\/wp-json\/wp\/v2\/pages\/5739"}],"wp:attachment":[{"href":"https:\/\/www.dscm-ev.de\/en\/wp-json\/wp\/v2\/media?parent=5747"}],"curies":[{"name":"wp","href":"https:\/\/api.w.org\/{rel}","templated":true}]}}